{"id":496,"date":"2024-04-10T10:00:40","date_gmt":"2024-04-10T08:00:40","guid":{"rendered":"https:\/\/projcible.fr\/?page_id=496"},"modified":"2024-04-10T10:15:41","modified_gmt":"2024-04-10T08:15:41","slug":"496-2","status":"publish","type":"page","link":"https:\/\/projcible.fr\/index.php\/496-2\/","title":{"rendered":""},"content":{"rendered":"\n<div class=\"wp-block-cover aligncenter\"><span aria-hidden=\"true\" class=\"wp-block-cover__background has-background-dim\"><\/span><img loading=\"lazy\" decoding=\"async\" width=\"418\" height=\"235\" class=\"wp-block-cover__image-background wp-image-498\" alt=\"\" src=\"https:\/\/projcible.fr\/wp-content\/uploads\/2024\/04\/OIP.jpeg\" data-object-fit=\"cover\" srcset=\"https:\/\/projcible.fr\/wp-content\/uploads\/2024\/04\/OIP.jpeg 418w, https:\/\/projcible.fr\/wp-content\/uploads\/2024\/04\/OIP-300x169.jpeg 300w\" sizes=\"auto, (max-width: 418px) 100vw, 418px\" \/><div class=\"wp-block-cover__inner-container is-layout-flow wp-block-cover-is-layout-flow\">\n<h2 class=\"wp-block-heading has-text-align-center\">La gouvernance de Projets (PMO)<br>&#8220;Construire en conscience&#8221;<\/h2>\n<\/div><\/div>\n\n\n\n<div style=\"height:100px\" aria-hidden=\"true\" class=\"wp-block-spacer\"><\/div>\n\n\n\n<div class=\"wp-block-columns is-layout-flex wp-container-core-columns-is-layout-9d6595d7 wp-block-columns-is-layout-flex\">\n<div class=\"wp-block-column is-vertically-aligned-center is-layout-flow wp-block-column-is-layout-flow\">\n<h2 class=\"wp-block-heading has-text-align-center\">D\u00e9livrer la valeur attendue<\/h2>\n\n\n\n<p class=\"has-text-align-center\">La gouvernance de projet est un ensemble de pratiques visant \u00e0 aligner les projets d&#8217;une entreprise sur sa strat\u00e9gie, sa culture et ses valeurs. Elle permet de maximiser la valeur ajout\u00e9e des projets pour l&#8217;entreprise et de minimiser les risques.<\/p>\n<\/div>\n\n\n\n<div class=\"wp-block-column is-layout-flow wp-block-column-is-layout-flow\"><div class=\"wp-block-image\">\n<figure class=\"aligncenter size-full is-resized\"><img loading=\"lazy\" decoding=\"async\" width=\"360\" height=\"360\" src=\"https:\/\/projcible.fr\/wp-content\/uploads\/2024\/04\/pngtree-leader-and-his-team-symbolism-hierarchy-smart-photo-image_1149886.jpg\" alt=\"\" class=\"wp-image-499\" style=\"width:276px;height:auto\" srcset=\"https:\/\/projcible.fr\/wp-content\/uploads\/2024\/04\/pngtree-leader-and-his-team-symbolism-hierarchy-smart-photo-image_1149886.jpg 360w, https:\/\/projcible.fr\/wp-content\/uploads\/2024\/04\/pngtree-leader-and-his-team-symbolism-hierarchy-smart-photo-image_1149886-300x300.jpg 300w, https:\/\/projcible.fr\/wp-content\/uploads\/2024\/04\/pngtree-leader-and-his-team-symbolism-hierarchy-smart-photo-image_1149886-150x150.jpg 150w\" sizes=\"auto, (max-width: 360px) 100vw, 360px\" \/><\/figure>\n<\/div><\/div>\n<\/div>\n\n\n\n<div class=\"wp-block-columns is-layout-flex wp-container-core-columns-is-layout-9d6595d7 wp-block-columns-is-layout-flex\">\n<div class=\"wp-block-column is-vertically-aligned-center is-layout-flow wp-block-column-is-layout-flow\">\n<h2 class=\"wp-block-heading has-text-align-center\">Etapes cl\u00e9s<\/h2>\n<\/div>\n\n\n\n<div class=\"wp-block-column is-layout-flow wp-block-column-is-layout-flow\">\n<p>\u00c9tablir une vision claire et partag\u00e9e de la strat\u00e9gie d&#8217;entreprise<br>Identifier les projets qui contribueront \u00e0 atteindre cette strat\u00e9gie<br>Prioriser les projets en fonction de leur valeur ajout\u00e9e et de leur alignement avec la strat\u00e9gie<br>Planifier les ressources et les budgets n\u00e9cessaires pour r\u00e9aliser les projets<br>\u00c9valuer r\u00e9guli\u00e8rement les projets pour s&#8217;assurer qu&#8217;ils d\u00e9livrent la valeur attendue<\/p>\n<\/div>\n<\/div>\n\n\n\n<div class=\"wp-block-columns is-layout-flex wp-container-core-columns-is-layout-9d6595d7 wp-block-columns-is-layout-flex\">\n<div class=\"wp-block-column is-vertically-aligned-center is-layout-flow wp-block-column-is-layout-flow\">\n<h2 class=\"wp-block-heading alignwide has-text-align-center\">Des postures fortes<\/h2>\n<\/div>\n\n\n\n<div class=\"wp-block-column is-layout-flow wp-block-column-is-layout-flow\">\n<p>La gouvernance de projet exige de la part des acteurs impliqu\u00e9s certaines postures indispensables pour garantir le succ\u00e8s des projets. <br>Voici quelques exemples :<br>Transparence : il est important de communiquer de mani\u00e8re claire et transparente sur les objectifs, les enjeux, les risques et les r\u00e9sultats des projets.<br>Collaboration : il est important de travailler en \u00e9troite collaboration avec toutes les parties prenantes pour garantir l&#8217;alignement des projets avec la strat\u00e9gie d&#8217;entreprise.<br>Adaptabilit\u00e9 : il est important de s&#8217;adapter rapidement aux changements et de savoir pivoter si n\u00e9cessaire pour maximiser la valeur ajout\u00e9e des projets.<br>N\u00e9cessit\u00e9 de faire des projets jetables : il est important de ne pas s&#8217;attacher \u00e0 un projet qui ne fonctionne pas et de savoir l&#8217;arr\u00eater le plus t\u00f4t possible pour minimiser les pertes.<\/p>\n<\/div>\n<\/div>\n","protected":false},"excerpt":{"rendered":"<p>D\u00e9livrer la valeur attendue La gouvernance de projet est un ensemble de pratiques visant \u00e0 aligner les projets d&#8217;une entreprise sur sa strat\u00e9gie, sa culture et ses valeurs. Elle permet de maximiser la valeur ajout\u00e9e des projets pour l&#8217;entreprise et de minimiser les risques. Etapes cl\u00e9s \u00c9tablir une vision claire et partag\u00e9e de la strat\u00e9gie&hellip;&nbsp;<a href=\"https:\/\/projcible.fr\/index.php\/496-2\/\" class=\"\" rel=\"bookmark\">Read More &raquo;<span class=\"screen-reader-text\"><\/span><\/a><\/p>\n","protected":false},"author":1,"featured_media":0,"parent":0,"menu_order":0,"comment_status":"closed","ping_status":"closed","template":"","meta":{"neve_meta_sidebar":"","neve_meta_container":"","neve_meta_enable_content_width":"","neve_meta_content_width":0,"neve_meta_title_alignment":"","neve_meta_author_avatar":"","neve_post_elements_order":"","neve_meta_disable_header":"","neve_meta_disable_footer":"","neve_meta_disable_title":"","_themeisle_gutenberg_block_has_review":false,"footnotes":""},"class_list":["post-496","page","type-page","status-publish","hentry"],"_links":{"self":[{"href":"https:\/\/projcible.fr\/index.php\/wp-json\/wp\/v2\/pages\/496","targetHints":{"allow":["GET"]}}],"collection":[{"href":"https:\/\/projcible.fr\/index.php\/wp-json\/wp\/v2\/pages"}],"about":[{"href":"https:\/\/projcible.fr\/index.php\/wp-json\/wp\/v2\/types\/page"}],"author":[{"embeddable":true,"href":"https:\/\/projcible.fr\/index.php\/wp-json\/wp\/v2\/users\/1"}],"replies":[{"embeddable":true,"href":"https:\/\/projcible.fr\/index.php\/wp-json\/wp\/v2\/comments?post=496"}],"version-history":[{"count":11,"href":"https:\/\/projcible.fr\/index.php\/wp-json\/wp\/v2\/pages\/496\/revisions"}],"predecessor-version":[{"id":515,"href":"https:\/\/projcible.fr\/index.php\/wp-json\/wp\/v2\/pages\/496\/revisions\/515"}],"wp:attachment":[{"href":"https:\/\/projcible.fr\/index.php\/wp-json\/wp\/v2\/media?parent=496"}],"curies":[{"name":"wp","href":"https:\/\/api.w.org\/{rel}","templated":true}]}}